{"id":569,"date":"2020-05-22T12:58:01","date_gmt":"2020-05-22T15:58:01","guid":{"rendered":"http:\/\/dev.pixelato.uy:8229\/ivy\/?page_id=569"},"modified":"2020-06-16T12:45:43","modified_gmt":"2020-06-16T15:45:43","slug":"jose-freitas","status":"publish","type":"page","link":"https:\/\/asociacionivy.org\/index.php\/jose-freitas\/","title":{"rendered":"Jos\u00e9 Freitas"},"content":{"rendered":"<p>[et_pb_section fb_built=\u00bb1&#8243; _builder_version=\u00bb4.4.3&#8243;][et_pb_row _builder_version=\u00bb4.4.3&#8243;][et_pb_column type=\u00bb4_4&#8243; _builder_version=\u00bb4.4.3&#8243;][et_pb_team_member name=\u00bbJos\u00e9 Freitas\u00bb position=\u00bbEspecialista en Pol\u00edticas de Desarrollo Urbano y Territorial con enfoque en Sustentabilidad\u00bb _builder_version=\u00bb4.4.7&#8243; position_font=\u00bbMaven Pro||||||||\u00bb position_text_color=\u00bb#128536&#8243; hover_enabled=\u00bb0&#8243; header_font=\u00bbMaven Pro||||||||\u00bb header_font_size=\u00bb30px\u00bb body_font=\u00bbMaven Pro||||||||\u00bb position_font_size=\u00bb17px\u00bb]<\/p>\n<p><strong>Es Arquitecto y Master en Ordenamiento Territorial y Desarrollo Urbano por la Universidad de la Rep\u00fablica de Uruguay.\u00a0<\/strong><\/p>\n<p><strong>Especialista en temas de gesti\u00f3n, planificaci\u00f3n y ordenamiento territorial sostenible, ha sido docente invitado en cursos de grado y posgrado, ha realizado\u00a0 m\u00faltiples ponencias en diferentes seminarios y congresos y ha participado en publicaciones y trabajos de investigaci\u00f3n en estas tem\u00e1ticas.<\/strong><\/p>\n<p><strong>Entre 2016 y febrero de 2020, fue el Director Nacional de Ordenamiento Territorial de Uruguay; entre 2011 y 2015, hab\u00eda sido el Director de Planificaci\u00f3n, Gesti\u00f3n Territorial y Acondicionamiento Urbano del Departamento de Canelones de Uruguay.<\/strong><\/p>\n<p><strong>Ha sido coordinador responsable y\/o coautor en distintos instrumentos de Ordenamiento Territorial y Desarrollo Sostenible del \u00e1mbito nacional, departamental y local: Ley de Directrices Nacionales de Ordenamiento Territorial; ley de Directrices Nacionales de ordenamiento Territorial para el Espacio Costero del R\u00edo de la Planta y el Oc\u00e9ano Atl\u00e1ntico; Plan Nacional de Adaptaci\u00f3n al Cambio Clim\u00e1tico en Ciudades e Infraestructuras; Directrices Departamentales de Canelones de Ordenamiento Territorial; Sistema Departamental de \u00c1reas de Protecci\u00f3n Ambiental, entre otros. Tambi\u00e9n fue coordinador y\/o coautor de m\u00faltiples proyectos urbanos, as\u00ed como de variadas iniciativas de cooperaci\u00f3n internacional, en temas de desarrollo urbano y habitacional, con Brasil, Bolivia, Argentina y Costa Rica.<\/strong><\/p>\n<p>[\/et_pb_team_member][\/et_pb_column][\/et_pb_row][\/et_pb_section]<\/p>\n","protected":false},"excerpt":{"rendered":"<p>[et_pb_section fb_built=\u00bb1&#8243; _builder_version=\u00bb4.4.3&#8243;][et_pb_row _builder_version=\u00bb4.4.3&#8243;][et_pb_column type=\u00bb4_4&#8243; _builder_version=\u00bb4.4.3&#8243;][et_pb_team_member name=\u00bbJos\u00e9 Freitas\u00bb position=\u00bbEspecialista en Pol\u00edticas de Desarrollo Urbano y Territorial con enfoque en Sustentabilidad\u00bb _builder_version=\u00bb4.4.7&#8243; position_font=\u00bbMaven Pro||||||||\u00bb position_text_color=\u00bb#128536&#8243; hover_enabled=\u00bb0&#8243; header_font=\u00bbMaven Pro||||||||\u00bb header_font_size=\u00bb30px\u00bb body_font=\u00bbMaven Pro||||||||\u00bb position_font_size=\u00bb17px\u00bb] Es Arquitecto y Master en Ordenamiento Territorial y Desarrollo Urbano por la Universidad de la Rep\u00fablica de Uruguay.\u00a0 Especialista en temas de gesti\u00f3n, planificaci\u00f3n [&hellip;]<\/p>\n","protected":false},"author":1,"featured_media":0,"parent":0,"menu_order":0,"comment_status":"closed","ping_status":"closed","template":"","meta":{"_et_pb_use_builder":"on","_et_pb_old_content":"","_et_gb_content_width":"","footnotes":""},"yoast_head":"<!-- This site is optimized with the Yoast SEO plugin v22.4 - https:\/\/yoast.com\/wordpress\/plugins\/seo\/ -->\n<title>Jos\u00e9 Freitas - Asociaci\u00f3n IVY<\/title>\n<meta name=\"robots\" content=\"index, follow, max-snippet:-1, max-image-preview:large, max-video-preview:-1\" \/>\n<link rel=\"canonical\" href=\"https:\/\/asociacionivy.org\/index.php\/jose-freitas\/\" \/>\n<meta property=\"og:locale\" content=\"es_ES\" \/>\n<meta property=\"og:type\" content=\"article\" \/>\n<meta property=\"og:title\" content=\"Jos\u00e9 Freitas - Asociaci\u00f3n IVY\" \/>\n<meta property=\"og:description\" content=\"[et_pb_section fb_built=\u00bb1&#8243; _builder_version=\u00bb4.4.3&#8243;][et_pb_row _builder_version=\u00bb4.4.3&#8243;][et_pb_column type=\u00bb4_4&#8243; _builder_version=\u00bb4.4.3&#8243;][et_pb_team_member name=\u00bbJos\u00e9 Freitas\u00bb position=\u00bbEspecialista en Pol\u00edticas de Desarrollo Urbano y Territorial con enfoque en Sustentabilidad\u00bb _builder_version=\u00bb4.4.7&#8243; position_font=\u00bbMaven Pro||||||||\u00bb position_text_color=\u00bb#128536&#8243; hover_enabled=\u00bb0&#8243; header_font=\u00bbMaven Pro||||||||\u00bb header_font_size=\u00bb30px\u00bb body_font=\u00bbMaven Pro||||||||\u00bb position_font_size=\u00bb17px\u00bb] Es Arquitecto y Master en Ordenamiento Territorial y Desarrollo Urbano por la Universidad de la Rep\u00fablica de Uruguay.\u00a0 Especialista en temas de gesti\u00f3n, planificaci\u00f3n [&hellip;]\" \/>\n<meta property=\"og:url\" content=\"https:\/\/asociacionivy.org\/index.php\/jose-freitas\/\" \/>\n<meta property=\"og:site_name\" content=\"Asociaci\u00f3n IVY\" \/>\n<meta property=\"article:publisher\" content=\"https:\/\/www.facebook.com\/AsociacionIvy-100754041649306\" \/>\n<meta property=\"article:modified_time\" content=\"2020-06-16T15:45:43+00:00\" \/>\n<meta name=\"twitter:card\" content=\"summary_large_image\" \/>\n<meta name=\"twitter:site\" content=\"@AsociacionIvy\" \/>\n<meta name=\"twitter:label1\" content=\"Est. reading time\" \/>\n\t<meta name=\"twitter:data1\" content=\"1 minuto\" \/>\n<script type=\"application\/ld+json\" class=\"yoast-schema-graph\">{\"@context\":\"https:\/\/schema.org\",\"@graph\":[{\"@type\":\"WebPage\",\"@id\":\"https:\/\/asociacionivy.org\/index.php\/jose-freitas\/\",\"url\":\"https:\/\/asociacionivy.org\/index.php\/jose-freitas\/\",\"name\":\"Jos\u00e9 Freitas - Asociaci\u00f3n IVY\",\"isPartOf\":{\"@id\":\"https:\/\/asociacionivy.org\/#website\"},\"datePublished\":\"2020-05-22T15:58:01+00:00\",\"dateModified\":\"2020-06-16T15:45:43+00:00\",\"breadcrumb\":{\"@id\":\"https:\/\/asociacionivy.org\/index.php\/jose-freitas\/#breadcrumb\"},\"inLanguage\":\"es-UY\",\"potentialAction\":[{\"@type\":\"ReadAction\",\"target\":[\"https:\/\/asociacionivy.org\/index.php\/jose-freitas\/\"]}]},{\"@type\":\"BreadcrumbList\",\"@id\":\"https:\/\/asociacionivy.org\/index.php\/jose-freitas\/#breadcrumb\",\"itemListElement\":[{\"@type\":\"ListItem\",\"position\":1,\"name\":\"Home\",\"item\":\"https:\/\/asociacionivy.org\/\"},{\"@type\":\"ListItem\",\"position\":2,\"name\":\"Jos\u00e9 Freitas\"}]},{\"@type\":\"WebSite\",\"@id\":\"https:\/\/asociacionivy.org\/#website\",\"url\":\"https:\/\/asociacionivy.org\/\",\"name\":\"Asociaci\u00f3n IVY\",\"description\":\"Latinoamericanos por un desarrollo sostenible\",\"publisher\":{\"@id\":\"https:\/\/asociacionivy.org\/#organization\"},\"potentialAction\":[{\"@type\":\"SearchAction\",\"target\":{\"@type\":\"EntryPoint\",\"urlTemplate\":\"https:\/\/asociacionivy.org\/?s={search_term_string}\"},\"query-input\":\"required name=search_term_string\"}],\"inLanguage\":\"es-UY\"},{\"@type\":\"Organization\",\"@id\":\"https:\/\/asociacionivy.org\/#organization\",\"name\":\"Asociaci\u00f3n IVY\",\"url\":\"https:\/\/asociacionivy.org\/\",\"logo\":{\"@type\":\"ImageObject\",\"inLanguage\":\"es-UY\",\"@id\":\"https:\/\/asociacionivy.org\/#\/schema\/logo\/image\/\",\"url\":\"https:\/\/asociacionivy.org\/wp-content\/uploads\/2020\/05\/Ivy-horizontal.png\",\"contentUrl\":\"https:\/\/asociacionivy.org\/wp-content\/uploads\/2020\/05\/Ivy-horizontal.png\",\"width\":500,\"height\":200,\"caption\":\"Asociaci\u00f3n IVY\"},\"image\":{\"@id\":\"https:\/\/asociacionivy.org\/#\/schema\/logo\/image\/\"},\"sameAs\":[\"https:\/\/www.facebook.com\/AsociacionIvy-100754041649306\",\"https:\/\/twitter.com\/AsociacionIvy\",\"https:\/\/www.instagram.com\/asociacion_ivy\/\"]}]}<\/script>\n<!-- \/ Yoast SEO plugin. -->","yoast_head_json":{"title":"Jos\u00e9 Freitas - Asociaci\u00f3n IVY","robots":{"index":"index","follow":"follow","max-snippet":"max-snippet:-1","max-image-preview":"max-image-preview:large","max-video-preview":"max-video-preview:-1"},"canonical":"https:\/\/asociacionivy.org\/index.php\/jose-freitas\/","og_locale":"es_ES","og_type":"article","og_title":"Jos\u00e9 Freitas - Asociaci\u00f3n IVY","og_description":"[et_pb_section fb_built=\u00bb1&#8243; _builder_version=\u00bb4.4.3&#8243;][et_pb_row _builder_version=\u00bb4.4.3&#8243;][et_pb_column type=\u00bb4_4&#8243; _builder_version=\u00bb4.4.3&#8243;][et_pb_team_member name=\u00bbJos\u00e9 Freitas\u00bb position=\u00bbEspecialista en Pol\u00edticas de Desarrollo Urbano y Territorial con enfoque en Sustentabilidad\u00bb _builder_version=\u00bb4.4.7&#8243; position_font=\u00bbMaven Pro||||||||\u00bb position_text_color=\u00bb#128536&#8243; hover_enabled=\u00bb0&#8243; header_font=\u00bbMaven Pro||||||||\u00bb header_font_size=\u00bb30px\u00bb body_font=\u00bbMaven Pro||||||||\u00bb position_font_size=\u00bb17px\u00bb] Es Arquitecto y Master en Ordenamiento Territorial y Desarrollo Urbano por la Universidad de la Rep\u00fablica de Uruguay.\u00a0 Especialista en temas de gesti\u00f3n, planificaci\u00f3n [&hellip;]","og_url":"https:\/\/asociacionivy.org\/index.php\/jose-freitas\/","og_site_name":"Asociaci\u00f3n IVY","article_publisher":"https:\/\/www.facebook.com\/AsociacionIvy-100754041649306","article_modified_time":"2020-06-16T15:45:43+00:00","twitter_card":"summary_large_image","twitter_site":"@AsociacionIvy","twitter_misc":{"Est. reading time":"1 minuto"},"schema":{"@context":"https:\/\/schema.org","@graph":[{"@type":"WebPage","@id":"https:\/\/asociacionivy.org\/index.php\/jose-freitas\/","url":"https:\/\/asociacionivy.org\/index.php\/jose-freitas\/","name":"Jos\u00e9 Freitas - Asociaci\u00f3n IVY","isPartOf":{"@id":"https:\/\/asociacionivy.org\/#website"},"datePublished":"2020-05-22T15:58:01+00:00","dateModified":"2020-06-16T15:45:43+00:00","breadcrumb":{"@id":"https:\/\/asociacionivy.org\/index.php\/jose-freitas\/#breadcrumb"},"inLanguage":"es-UY","potentialAction":[{"@type":"ReadAction","target":["https:\/\/asociacionivy.org\/index.php\/jose-freitas\/"]}]},{"@type":"BreadcrumbList","@id":"https:\/\/asociacionivy.org\/index.php\/jose-freitas\/#breadcrumb","itemListElement":[{"@type":"ListItem","position":1,"name":"Home","item":"https:\/\/asociacionivy.org\/"},{"@type":"ListItem","position":2,"name":"Jos\u00e9 Freitas"}]},{"@type":"WebSite","@id":"https:\/\/asociacionivy.org\/#website","url":"https:\/\/asociacionivy.org\/","name":"Asociaci\u00f3n IVY","description":"Latinoamericanos por un desarrollo sostenible","publisher":{"@id":"https:\/\/asociacionivy.org\/#organization"},"potentialAction":[{"@type":"SearchAction","target":{"@type":"EntryPoint","urlTemplate":"https:\/\/asociacionivy.org\/?s={search_term_string}"},"query-input":"required name=search_term_string"}],"inLanguage":"es-UY"},{"@type":"Organization","@id":"https:\/\/asociacionivy.org\/#organization","name":"Asociaci\u00f3n IVY","url":"https:\/\/asociacionivy.org\/","logo":{"@type":"ImageObject","inLanguage":"es-UY","@id":"https:\/\/asociacionivy.org\/#\/schema\/logo\/image\/","url":"https:\/\/asociacionivy.org\/wp-content\/uploads\/2020\/05\/Ivy-horizontal.png","contentUrl":"https:\/\/asociacionivy.org\/wp-content\/uploads\/2020\/05\/Ivy-horizontal.png","width":500,"height":200,"caption":"Asociaci\u00f3n IVY"},"image":{"@id":"https:\/\/asociacionivy.org\/#\/schema\/logo\/image\/"},"sameAs":["https:\/\/www.facebook.com\/AsociacionIvy-100754041649306","https:\/\/twitter.com\/AsociacionIvy","https:\/\/www.instagram.com\/asociacion_ivy\/"]}]}},"_links":{"self":[{"href":"https:\/\/asociacionivy.org\/index.php\/wp-json\/wp\/v2\/pages\/569"}],"collection":[{"href":"https:\/\/asociacionivy.org\/index.php\/wp-json\/wp\/v2\/pages"}],"about":[{"href":"https:\/\/asociacionivy.org\/index.php\/wp-json\/wp\/v2\/types\/page"}],"author":[{"embeddable":true,"href":"https:\/\/asociacionivy.org\/index.php\/wp-json\/wp\/v2\/users\/1"}],"replies":[{"embeddable":true,"href":"https:\/\/asociacionivy.org\/index.php\/wp-json\/wp\/v2\/comments?post=569"}],"version-history":[{"count":6,"href":"https:\/\/asociacionivy.org\/index.php\/wp-json\/wp\/v2\/pages\/569\/revisions"}],"predecessor-version":[{"id":916,"href":"https:\/\/asociacionivy.org\/index.php\/wp-json\/wp\/v2\/pages\/569\/revisions\/916"}],"wp:attachment":[{"href":"https:\/\/asociacionivy.org\/index.php\/wp-json\/wp\/v2\/media?parent=569"}],"curies":[{"name":"wp","href":"https:\/\/api.w.org\/{rel}","templated":true}]}}