{"id":513,"date":"2020-05-22T11:43:43","date_gmt":"2020-05-22T14:43:43","guid":{"rendered":"http:\/\/dev.pixelato.uy:8229\/ivy\/?page_id=513"},"modified":"2020-06-16T12:10:08","modified_gmt":"2020-06-16T15:10:08","slug":"ramon-mendez-galain","status":"publish","type":"page","link":"https:\/\/asociacionivy.org\/index.php\/ramon-mendez-galain\/","title":{"rendered":"Ram\u00f3n M\u00e9ndez Galain"},"content":{"rendered":"<p>[et_pb_section fb_built=\u00bb1&#8243; _builder_version=\u00bb4.4.3&#8243;][et_pb_row _builder_version=\u00bb4.4.3&#8243;][et_pb_column type=\u00bb4_4&#8243; _builder_version=\u00bb4.4.3&#8243;][et_pb_team_member name=\u00bbRam\u00f3n M\u00e9ndez Galain\u00bb position=\u00bbDirector Ejecutivo de Ivy\u00bb image_url=\u00bbhttps:\/\/asociacionivy.org\/wp-content\/uploads\/2020\/05\/Mendez-nb.jpg\u00bb _builder_version=\u00bb4.4.7&#8243; position_font=\u00bbMaven Pro||||||||\u00bb position_text_color=\u00bb#128536&#8243; hover_enabled=\u00bb0&#8243; header_font=\u00bbMaven Pro||||||||\u00bb header_font_size=\u00bb30px\u00bb body_font=\u00bbMaven Pro||||||||\u00bb]<\/p>\n<p><strong>Es Licenciado en F\u00edsica por la Universidad de Grenoble, Francia y Doctor en F\u00edsica por la Universidad de La Plata, Argentina.<\/strong><\/p>\n<p><span style=\"font-size: 14px;\"><strong>Es reconocido por haber liderado el dise\u00f1o y la implementaci\u00f3n de pol\u00edticas p\u00fablicas disruptivas orientadas a promover las energ\u00edas renovables, a dar respuesta al cambio clim\u00e1tico y, de manera gen\u00e9rica, a la transformaci\u00f3n sostenible, combinada con una variada y vasta experiencia en organismos internacionales y con una rica vida acad\u00e9mica.<\/strong><\/span><\/p>\n<p><strong>En Uruguay, entre 2008 y 2015 fue Director Nacional de Energ\u00eda dise\u00f1ando la Pol\u00edtica Energ\u00e9tica de Uruguay 2008-2030 (aprobada por todos los partidos pol\u00edticos del pa\u00eds) y liderando la reconocida transformaci\u00f3n del sector energ\u00e9tico uruguayo que hoy incluye 98% de energ\u00edas renovables en la matriz el\u00e9ctrica (con participaci\u00f3n de hasta 95% de energ\u00eda e\u00f3lica) y 67% de fuentes renovables en la matriz primaria global del pa\u00eds; este proceso atrajo inversiones por m\u00e1s 5.000 millones de d\u00f3lares\u00a0 (10% del PBI uruguayo), redujo en 40% de los costos medios de generaci\u00f3n y permiti\u00f3 la creaci\u00f3n de 50.000 puestos de trabajo. Entre 2015 y 2016 fue Director Nacional de Cambio Clim\u00e1tico de Uruguay, coordinando el dise\u00f1o de la Pol\u00edtica Nacional de Cambio Clim\u00e1tico de Uruguay 2020-2050 y cumpli\u00f3 una destacada labor en la negociaci\u00f3n del Acuerdo Clim\u00e1tico de Par\u00eds. Entre 2016 y 2019 fue el Director General de Planificaci\u00f3n de la Intendencia de Montevideo, a cargo de la planificaci\u00f3n estrat\u00e9gica de Montevideo para el mediano y largo plazo con foco en los ODS y la resiliencia, la planificaci\u00f3n territorial y la gesti\u00f3n de proyectos estrat\u00e9gicos.<\/strong><\/p>\n<p><strong>En materia internacional, fue Presidente por dos per\u00edodos del Consejo Directivo de la Agencia Internacional de Energ\u00edas Renovables (IRENA), Integrante del Board de Directores del Green Climate Fund (GCF) y Vice-Gobernador por Uruguay en el Organismo Internacional de Energ\u00eda At\u00f3mica (OIEA), sumado a numerosas actividades de asesoramiento a diversos gobiernos y organismos.<\/strong><\/p>\n<p><strong>Como acad\u00e9mico tiene una obra de un centenar de publicaciones en temas diversos; fue docente e investigador en universidades de Argentina, Brasil, Francia, Estados Unidos, Italia y Uruguay y ha sido invitado a presentar seminarios cient\u00edficos en m\u00e1s de 30 centros de investigaci\u00f3n de 20 pa\u00edses.<\/strong><\/p>\n<p><strong>\u00a0<span style=\"font-size: 14px;\">La revista Fortune lo incluy\u00f3 en la lista de los 50 principales l\u00edderes mundiales del a\u00f1o 2016, por \u201chaber mostrado que es posible descarbonizar una econom\u00eda\u201d.<\/span><\/strong><\/p>\n<p>[\/et_pb_team_member][\/et_pb_column][\/et_pb_row][\/et_pb_section]<\/p>\n","protected":false},"excerpt":{"rendered":"<p>[et_pb_section fb_built=\u00bb1&#8243; _builder_version=\u00bb4.4.3&#8243;][et_pb_row _builder_version=\u00bb4.4.3&#8243;][et_pb_column type=\u00bb4_4&#8243; _builder_version=\u00bb4.4.3&#8243;][et_pb_team_member name=\u00bbRam\u00f3n M\u00e9ndez Galain\u00bb position=\u00bbDirector Ejecutivo de Ivy\u00bb image_url=\u00bbhttps:\/\/asociacionivy.org\/wp-content\/uploads\/2020\/05\/Mendez-nb.jpg\u00bb _builder_version=\u00bb4.4.7&#8243; position_font=\u00bbMaven Pro||||||||\u00bb position_text_color=\u00bb#128536&#8243; hover_enabled=\u00bb0&#8243; header_font=\u00bbMaven Pro||||||||\u00bb header_font_size=\u00bb30px\u00bb body_font=\u00bbMaven Pro||||||||\u00bb] Es Licenciado en F\u00edsica por la Universidad de Grenoble, Francia y Doctor en F\u00edsica por la Universidad de La Plata, Argentina. Es reconocido por haber liderado el dise\u00f1o y la implementaci\u00f3n [&hellip;]<\/p>\n","protected":false},"author":1,"featured_media":0,"parent":0,"menu_order":0,"comment_status":"closed","ping_status":"closed","template":"","meta":{"_et_pb_use_builder":"on","_et_pb_old_content":"","_et_gb_content_width":"","footnotes":""},"yoast_head":"<!-- This site is optimized with the Yoast SEO plugin v22.4 - https:\/\/yoast.com\/wordpress\/plugins\/seo\/ -->\n<title>Ram\u00f3n M\u00e9ndez Galain - Asociaci\u00f3n IVY<\/title>\n<meta name=\"robots\" content=\"index, follow, max-snippet:-1, max-image-preview:large, max-video-preview:-1\" \/>\n<link rel=\"canonical\" href=\"https:\/\/asociacionivy.org\/index.php\/ramon-mendez-galain\/\" \/>\n<meta property=\"og:locale\" content=\"es_ES\" \/>\n<meta property=\"og:type\" content=\"article\" \/>\n<meta property=\"og:title\" content=\"Ram\u00f3n M\u00e9ndez Galain - Asociaci\u00f3n IVY\" \/>\n<meta property=\"og:description\" content=\"[et_pb_section fb_built=\u00bb1&#8243; _builder_version=\u00bb4.4.3&#8243;][et_pb_row _builder_version=\u00bb4.4.3&#8243;][et_pb_column type=\u00bb4_4&#8243; _builder_version=\u00bb4.4.3&#8243;][et_pb_team_member name=\u00bbRam\u00f3n M\u00e9ndez Galain\u00bb position=\u00bbDirector Ejecutivo de Ivy\u00bb image_url=\u00bbhttps:\/\/asociacionivy.org\/wp-content\/uploads\/2020\/05\/Mendez-nb.jpg\u00bb _builder_version=\u00bb4.4.7&#8243; position_font=\u00bbMaven Pro||||||||\u00bb position_text_color=\u00bb#128536&#8243; hover_enabled=\u00bb0&#8243; header_font=\u00bbMaven Pro||||||||\u00bb header_font_size=\u00bb30px\u00bb body_font=\u00bbMaven Pro||||||||\u00bb] Es Licenciado en F\u00edsica por la Universidad de Grenoble, Francia y Doctor en F\u00edsica por la Universidad de La Plata, Argentina. Es reconocido por haber liderado el dise\u00f1o y la implementaci\u00f3n [&hellip;]\" \/>\n<meta property=\"og:url\" content=\"https:\/\/asociacionivy.org\/index.php\/ramon-mendez-galain\/\" \/>\n<meta property=\"og:site_name\" content=\"Asociaci\u00f3n IVY\" \/>\n<meta property=\"article:publisher\" content=\"https:\/\/www.facebook.com\/AsociacionIvy-100754041649306\" \/>\n<meta property=\"article:modified_time\" content=\"2020-06-16T15:10:08+00:00\" \/>\n<meta name=\"twitter:card\" content=\"summary_large_image\" \/>\n<meta name=\"twitter:site\" content=\"@AsociacionIvy\" \/>\n<meta name=\"twitter:label1\" content=\"Est. reading time\" \/>\n\t<meta name=\"twitter:data1\" content=\"2 minutos\" \/>\n<script type=\"application\/ld+json\" class=\"yoast-schema-graph\">{\"@context\":\"https:\/\/schema.org\",\"@graph\":[{\"@type\":\"WebPage\",\"@id\":\"https:\/\/asociacionivy.org\/index.php\/ramon-mendez-galain\/\",\"url\":\"https:\/\/asociacionivy.org\/index.php\/ramon-mendez-galain\/\",\"name\":\"Ram\u00f3n M\u00e9ndez Galain - Asociaci\u00f3n IVY\",\"isPartOf\":{\"@id\":\"https:\/\/asociacionivy.org\/#website\"},\"datePublished\":\"2020-05-22T14:43:43+00:00\",\"dateModified\":\"2020-06-16T15:10:08+00:00\",\"breadcrumb\":{\"@id\":\"https:\/\/asociacionivy.org\/index.php\/ramon-mendez-galain\/#breadcrumb\"},\"inLanguage\":\"es-UY\",\"potentialAction\":[{\"@type\":\"ReadAction\",\"target\":[\"https:\/\/asociacionivy.org\/index.php\/ramon-mendez-galain\/\"]}]},{\"@type\":\"BreadcrumbList\",\"@id\":\"https:\/\/asociacionivy.org\/index.php\/ramon-mendez-galain\/#breadcrumb\",\"itemListElement\":[{\"@type\":\"ListItem\",\"position\":1,\"name\":\"Home\",\"item\":\"https:\/\/asociacionivy.org\/\"},{\"@type\":\"ListItem\",\"position\":2,\"name\":\"Ram\u00f3n M\u00e9ndez Galain\"}]},{\"@type\":\"WebSite\",\"@id\":\"https:\/\/asociacionivy.org\/#website\",\"url\":\"https:\/\/asociacionivy.org\/\",\"name\":\"Asociaci\u00f3n IVY\",\"description\":\"Latinoamericanos por un desarrollo sostenible\",\"publisher\":{\"@id\":\"https:\/\/asociacionivy.org\/#organization\"},\"potentialAction\":[{\"@type\":\"SearchAction\",\"target\":{\"@type\":\"EntryPoint\",\"urlTemplate\":\"https:\/\/asociacionivy.org\/?s={search_term_string}\"},\"query-input\":\"required name=search_term_string\"}],\"inLanguage\":\"es-UY\"},{\"@type\":\"Organization\",\"@id\":\"https:\/\/asociacionivy.org\/#organization\",\"name\":\"Asociaci\u00f3n IVY\",\"url\":\"https:\/\/asociacionivy.org\/\",\"logo\":{\"@type\":\"ImageObject\",\"inLanguage\":\"es-UY\",\"@id\":\"https:\/\/asociacionivy.org\/#\/schema\/logo\/image\/\",\"url\":\"https:\/\/asociacionivy.org\/wp-content\/uploads\/2020\/05\/Ivy-horizontal.png\",\"contentUrl\":\"https:\/\/asociacionivy.org\/wp-content\/uploads\/2020\/05\/Ivy-horizontal.png\",\"width\":500,\"height\":200,\"caption\":\"Asociaci\u00f3n IVY\"},\"image\":{\"@id\":\"https:\/\/asociacionivy.org\/#\/schema\/logo\/image\/\"},\"sameAs\":[\"https:\/\/www.facebook.com\/AsociacionIvy-100754041649306\",\"https:\/\/twitter.com\/AsociacionIvy\",\"https:\/\/www.instagram.com\/asociacion_ivy\/\"]}]}<\/script>\n<!-- \/ Yoast SEO plugin. -->","yoast_head_json":{"title":"Ram\u00f3n M\u00e9ndez Galain - Asociaci\u00f3n IVY","robots":{"index":"index","follow":"follow","max-snippet":"max-snippet:-1","max-image-preview":"max-image-preview:large","max-video-preview":"max-video-preview:-1"},"canonical":"https:\/\/asociacionivy.org\/index.php\/ramon-mendez-galain\/","og_locale":"es_ES","og_type":"article","og_title":"Ram\u00f3n M\u00e9ndez Galain - Asociaci\u00f3n IVY","og_description":"[et_pb_section fb_built=\u00bb1&#8243; _builder_version=\u00bb4.4.3&#8243;][et_pb_row _builder_version=\u00bb4.4.3&#8243;][et_pb_column type=\u00bb4_4&#8243; _builder_version=\u00bb4.4.3&#8243;][et_pb_team_member name=\u00bbRam\u00f3n M\u00e9ndez Galain\u00bb position=\u00bbDirector Ejecutivo de Ivy\u00bb image_url=\u00bbhttps:\/\/asociacionivy.org\/wp-content\/uploads\/2020\/05\/Mendez-nb.jpg\u00bb _builder_version=\u00bb4.4.7&#8243; position_font=\u00bbMaven Pro||||||||\u00bb position_text_color=\u00bb#128536&#8243; hover_enabled=\u00bb0&#8243; header_font=\u00bbMaven Pro||||||||\u00bb header_font_size=\u00bb30px\u00bb body_font=\u00bbMaven Pro||||||||\u00bb] Es Licenciado en F\u00edsica por la Universidad de Grenoble, Francia y Doctor en F\u00edsica por la Universidad de La Plata, Argentina. Es reconocido por haber liderado el dise\u00f1o y la implementaci\u00f3n [&hellip;]","og_url":"https:\/\/asociacionivy.org\/index.php\/ramon-mendez-galain\/","og_site_name":"Asociaci\u00f3n IVY","article_publisher":"https:\/\/www.facebook.com\/AsociacionIvy-100754041649306","article_modified_time":"2020-06-16T15:10:08+00:00","twitter_card":"summary_large_image","twitter_site":"@AsociacionIvy","twitter_misc":{"Est. reading time":"2 minutos"},"schema":{"@context":"https:\/\/schema.org","@graph":[{"@type":"WebPage","@id":"https:\/\/asociacionivy.org\/index.php\/ramon-mendez-galain\/","url":"https:\/\/asociacionivy.org\/index.php\/ramon-mendez-galain\/","name":"Ram\u00f3n M\u00e9ndez Galain - Asociaci\u00f3n IVY","isPartOf":{"@id":"https:\/\/asociacionivy.org\/#website"},"datePublished":"2020-05-22T14:43:43+00:00","dateModified":"2020-06-16T15:10:08+00:00","breadcrumb":{"@id":"https:\/\/asociacionivy.org\/index.php\/ramon-mendez-galain\/#breadcrumb"},"inLanguage":"es-UY","potentialAction":[{"@type":"ReadAction","target":["https:\/\/asociacionivy.org\/index.php\/ramon-mendez-galain\/"]}]},{"@type":"BreadcrumbList","@id":"https:\/\/asociacionivy.org\/index.php\/ramon-mendez-galain\/#breadcrumb","itemListElement":[{"@type":"ListItem","position":1,"name":"Home","item":"https:\/\/asociacionivy.org\/"},{"@type":"ListItem","position":2,"name":"Ram\u00f3n M\u00e9ndez Galain"}]},{"@type":"WebSite","@id":"https:\/\/asociacionivy.org\/#website","url":"https:\/\/asociacionivy.org\/","name":"Asociaci\u00f3n IVY","description":"Latinoamericanos por un desarrollo sostenible","publisher":{"@id":"https:\/\/asociacionivy.org\/#organization"},"potentialAction":[{"@type":"SearchAction","target":{"@type":"EntryPoint","urlTemplate":"https:\/\/asociacionivy.org\/?s={search_term_string}"},"query-input":"required name=search_term_string"}],"inLanguage":"es-UY"},{"@type":"Organization","@id":"https:\/\/asociacionivy.org\/#organization","name":"Asociaci\u00f3n IVY","url":"https:\/\/asociacionivy.org\/","logo":{"@type":"ImageObject","inLanguage":"es-UY","@id":"https:\/\/asociacionivy.org\/#\/schema\/logo\/image\/","url":"https:\/\/asociacionivy.org\/wp-content\/uploads\/2020\/05\/Ivy-horizontal.png","contentUrl":"https:\/\/asociacionivy.org\/wp-content\/uploads\/2020\/05\/Ivy-horizontal.png","width":500,"height":200,"caption":"Asociaci\u00f3n IVY"},"image":{"@id":"https:\/\/asociacionivy.org\/#\/schema\/logo\/image\/"},"sameAs":["https:\/\/www.facebook.com\/AsociacionIvy-100754041649306","https:\/\/twitter.com\/AsociacionIvy","https:\/\/www.instagram.com\/asociacion_ivy\/"]}]}},"_links":{"self":[{"href":"https:\/\/asociacionivy.org\/index.php\/wp-json\/wp\/v2\/pages\/513"}],"collection":[{"href":"https:\/\/asociacionivy.org\/index.php\/wp-json\/wp\/v2\/pages"}],"about":[{"href":"https:\/\/asociacionivy.org\/index.php\/wp-json\/wp\/v2\/types\/page"}],"author":[{"embeddable":true,"href":"https:\/\/asociacionivy.org\/index.php\/wp-json\/wp\/v2\/users\/1"}],"replies":[{"embeddable":true,"href":"https:\/\/asociacionivy.org\/index.php\/wp-json\/wp\/v2\/comments?post=513"}],"version-history":[{"count":8,"href":"https:\/\/asociacionivy.org\/index.php\/wp-json\/wp\/v2\/pages\/513\/revisions"}],"predecessor-version":[{"id":894,"href":"https:\/\/asociacionivy.org\/index.php\/wp-json\/wp\/v2\/pages\/513\/revisions\/894"}],"wp:attachment":[{"href":"https:\/\/asociacionivy.org\/index.php\/wp-json\/wp\/v2\/media?parent=513"}],"curies":[{"name":"wp","href":"https:\/\/api.w.org\/{rel}","templated":true}]}}